{"id":1255,"date":"2014-03-29T23:59:03","date_gmt":"2014-03-29T22:59:03","guid":{"rendered":"http:\/\/silkroad-conseil.com\/blog\/?page_id=631"},"modified":"2023-02-19T17:26:50","modified_gmt":"2023-02-19T16:26:50","slug":"articles-video","status":"publish","type":"page","link":"https:\/\/www.silkroad-conseil.com\/wordpress\/articles-video\/","title":{"rendered":"Tous les articles sur la vid\u00e9o"},"content":{"rendered":"<ul class=\"wp-block-latest-posts__list has-dates is-style-twentytwentyone-latest-posts-dividers wp-block-latest-posts\"><li><div class=\"wp-block-latest-posts__featured-image alignleft\"><img width=\"150\" height=\"150\" src=\"https:\/\/www.silkroad-conseil.com\/wordpress\/wp-content\/uploads\/2014\/08\/Kevin-vigne-Loupiac-Cadillac-150x150.jpg\" class=\"attachment-thumbnail size-thumbnail wp-post-image\" alt=\"\" decoding=\"async\" loading=\"lazy\" style=\"width:100%;height:60.17%;max-width:600px;\" \/><\/div><a class=\"wp-block-latest-posts__post-title\" href=\"https:\/\/www.silkroad-conseil.com\/wordpress\/video-dans-les-vignes-2\/\">Vid\u00e9o dans les vignes<\/a><time datetime=\"2014-08-08T01:09:27+02:00\" class=\"wp-block-latest-posts__post-date\">8 ao\u00fbt 2014<\/time><div class=\"wp-block-latest-posts__post-excerpt\">Pour faire une jolie vid\u00e9o dans les vignes, l\u2019id\u00e9al serait d\u2019\u00e9taler le tournage sur les quatre saisons. On aurait de jolies vrilles s\u00e9ch\u00e9es qui s\u2019accrochent aux \u00a0fils en hiver, des fleurs blanches par milliers au printemps, de jeunes grappes verdoyantes et prometteuses en \u00e9t\u00e9, et enfin des hottes de vendanges d\u00e9bordantes de grappes violettes en&hellip; <a class=\"more-link\" href=\"https:\/\/www.silkroad-conseil.com\/wordpress\/video-dans-les-vignes-2\/\">Poursuivre la lecture <span class=\"screen-reader-text\">Vid\u00e9o dans les vignes<\/span><\/a><\/div><\/li>\n<li><div class=\"wp-block-latest-posts__featured-image alignleft\"><img width=\"150\" height=\"150\" src=\"https:\/\/www.silkroad-conseil.com\/wordpress\/wp-content\/uploads\/2014\/08\/Kevin-vigne-Loupiac-Cadillac-150x150.jpg\" class=\"attachment-thumbnail size-thumbnail wp-post-image\" alt=\"\" decoding=\"async\" loading=\"lazy\" style=\"width:100%;height:60.17%;max-width:600px;\" \/><\/div><a class=\"wp-block-latest-posts__post-title\" href=\"https:\/\/www.silkroad-conseil.com\/wordpress\/video-dans-les-vignes\/\">Vid\u00e9o dans les vignes<\/a><time datetime=\"2014-08-08T01:09:27+02:00\" class=\"wp-block-latest-posts__post-date\">8 ao\u00fbt 2014<\/time><div class=\"wp-block-latest-posts__post-excerpt\">Pour faire une jolie vid\u00e9o dans les vignes, l\u2019id\u00e9al serait d\u2019\u00e9taler le tournage sur les quatre saisons. On aurait de jolies vrilles s\u00e9ch\u00e9es qui s\u2019accrochent aux \u00a0fils en hiver, des fleurs blanches par milliers au printemps, de jeunes grappes verdoyantes et prometteuses en \u00e9t\u00e9, et enfin des hottes de vendanges d\u00e9bordantes de grappes violettes en&hellip; <a class=\"more-link\" href=\"https:\/\/www.silkroad-conseil.com\/wordpress\/video-dans-les-vignes\/\">Poursuivre la lecture <span class=\"screen-reader-text\">Vid\u00e9o dans les vignes<\/span><\/a><\/div><\/li>\n<li><div class=\"wp-block-latest-posts__featured-image alignleft\"><img width=\"150\" height=\"150\" src=\"https:\/\/www.silkroad-conseil.com\/wordpress\/wp-content\/uploads\/2014\/03\/ob_307d4fbfd5f09f9ccb2a61718b13cc61_milkshake-peche-vanille-150x150.jpg\" class=\"attachment-thumbnail size-thumbnail wp-post-image\" alt=\"\" decoding=\"async\" loading=\"lazy\" style=\"width:100%;height:50.17%;max-width:600px;\" \/><\/div><a class=\"wp-block-latest-posts__post-title\" href=\"https:\/\/www.silkroad-conseil.com\/wordpress\/1-bote-de-pches-au-sirop-2-desserts-pour-femme-enceinte\/\">1 bo\u00eete de p\u00eaches au sirop = 2 desserts pour femme enceinte<\/a><time datetime=\"2013-07-03T15:56:05+02:00\" class=\"wp-block-latest-posts__post-date\">3 juillet 2013<\/time><div class=\"wp-block-latest-posts__post-excerpt\">J\u2019adore mes copines, surtout quand elles sont enceintes et qu\u2019elles viennent prendre l\u2019ap\u00e9ro sans alcool, sans charcuterie ni fromage, sans crudit\u00e9s ni fruits frais. Si, vraiment, je les adore car elles me donnent des d\u00e9fis \u00e0 relever. C\u2019est un peu comme le concept des \u201cD\u00e9fis \u00e0 petits prix\u201d de la cha\u00eene Youtube Marmiton. Julien, l\u2019animateur,&hellip; <a class=\"more-link\" href=\"https:\/\/www.silkroad-conseil.com\/wordpress\/1-bote-de-pches-au-sirop-2-desserts-pour-femme-enceinte\/\">Poursuivre la lecture <span class=\"screen-reader-text\">1 bo\u00eete de p\u00eaches au sirop = 2 desserts pour femme enceinte<\/span><\/a><\/div><\/li>\n<li><div class=\"wp-block-latest-posts__featured-image alignleft\"><img width=\"150\" height=\"150\" src=\"https:\/\/www.silkroad-conseil.com\/wordpress\/wp-content\/uploads\/2013\/01\/ob_0be62f63db72909ef56c7d4ac161a38a_vin-chaud-epices-150x150.jpg\" class=\"attachment-thumbnail size-thumbnail wp-post-image\" alt=\"\" decoding=\"async\" loading=\"lazy\" style=\"width:100%;height:34%;max-width:600px;\" \/><\/div><a class=\"wp-block-latest-posts__post-title\" href=\"https:\/\/www.silkroad-conseil.com\/wordpress\/la-recette-de-vin-chaud-qui-passe-la-tl-2\/\">La recette de vin chaud qui passe \u00e0 la t\u00e9l\u00e9<\/a><time datetime=\"2013-01-15T06:45:13+01:00\" class=\"wp-block-latest-posts__post-date\">15 janvier 2013<\/time><div class=\"wp-block-latest-posts__post-excerpt\">LA recette de saison, c&rsquo;est le vin chaud. M\u00eame si en Chine cela fait des mill\u00e9simes qu&rsquo;on fait du vin (de riz ou de raisin), les Chinois n&rsquo;ont jamais profit\u00e9 d&rsquo;un verre de vin chaud. C&rsquo;est Jacky Lee de la t\u00e9l\u00e9vision de Shandong qui s&rsquo;y est int\u00e9ress\u00e9 en premier. Pour information, Shandong \u5c71\u4e1c est la&hellip; <a class=\"more-link\" href=\"https:\/\/www.silkroad-conseil.com\/wordpress\/la-recette-de-vin-chaud-qui-passe-la-tl-2\/\">Poursuivre la lecture <span class=\"screen-reader-text\">La recette de vin chaud qui passe \u00e0 la t\u00e9l\u00e9<\/span><\/a><\/div><\/li>\n<li><div class=\"wp-block-latest-posts__featured-image alignleft\"><img width=\"150\" height=\"150\" src=\"https:\/\/www.silkroad-conseil.com\/wordpress\/wp-content\/uploads\/2012\/11\/ob_694ab0_laurent-vincent-harley-davidson-150x150.jpg\" class=\"attachment-thumbnail size-thumbnail wp-post-image\" alt=\"\" decoding=\"async\" loading=\"lazy\" style=\"width:100%;height:75.17%;max-width:600px;\" \/><\/div><a class=\"wp-block-latest-posts__post-title\" href=\"https:\/\/www.silkroad-conseil.com\/wordpress\/harley-davidson-au-fminin\/\">Harley-Davidson au f\u00e9minin<\/a><time datetime=\"2012-11-14T13:59:37+01:00\" class=\"wp-block-latest-posts__post-date\">14 novembre 2012<\/time><div class=\"wp-block-latest-posts__post-excerpt\">Harley-Davidson : une marque connue, reconnue, l\u00e9gendaire&#8230; Mais comme dans toute l\u00e9gende, la part de v\u00e9rit\u00e9 est souvent plus fine que celle du mythe. Alors comme dirait Dr Henry Jones Junior (Indy pour les intimes), \u00ab allons rechercher les faits \u00bb et vivre l&rsquo;exp\u00e9rience par nous m\u00eame. AuFeminin.com m&rsquo;a demand\u00e9 d&rsquo;interviewer Laurent, un concessionnaire Harley-Davidson,&hellip; <a class=\"more-link\" href=\"https:\/\/www.silkroad-conseil.com\/wordpress\/harley-davidson-au-fminin\/\">Poursuivre la lecture <span class=\"screen-reader-text\">Harley-Davidson au f\u00e9minin<\/span><\/a><\/div><\/li>\n<\/ul>","protected":false},"excerpt":{"rendered":"","protected":false},"author":3,"featured_media":0,"parent":0,"menu_order":0,"comment_status":"open","ping_status":"open","template":"","meta":[],"_links":{"self":[{"href":"https:\/\/www.silkroad-conseil.com\/wordpress\/wp-json\/wp\/v2\/pages\/1255"}],"collection":[{"href":"https:\/\/www.silkroad-conseil.com\/wordpress\/wp-json\/wp\/v2\/pages"}],"about":[{"href":"https:\/\/www.silkroad-conseil.com\/wordpress\/wp-json\/wp\/v2\/types\/page"}],"author":[{"embeddable":true,"href":"https:\/\/www.silkroad-conseil.com\/wordpress\/wp-json\/wp\/v2\/users\/3"}],"replies":[{"embeddable":true,"href":"https:\/\/www.silkroad-conseil.com\/wordpress\/wp-json\/wp\/v2\/comments?post=1255"}],"version-history":[{"count":3,"href":"https:\/\/www.silkroad-conseil.com\/wordpress\/wp-json\/wp\/v2\/pages\/1255\/revisions"}],"predecessor-version":[{"id":1446,"href":"https:\/\/www.silkroad-conseil.com\/wordpress\/wp-json\/wp\/v2\/pages\/1255\/revisions\/1446"}],"wp:attachment":[{"href":"https:\/\/www.silkroad-conseil.com\/wordpress\/wp-json\/wp\/v2\/media?parent=1255"}],"curies":[{"name":"wp","href":"https:\/\/api.w.org\/{rel}","templated":true}]}}